{"id":954,"date":"2025-06-17T15:21:01","date_gmt":"2025-06-17T13:21:01","guid":{"rendered":"https:\/\/bonitosobjetos.com\/?page_id=954"},"modified":"2025-06-25T11:33:25","modified_gmt":"2025-06-25T09:33:25","slug":"declaracion-accesibilidad","status":"publish","type":"page","link":"https:\/\/bonitosobjetos.com\/en\/declaracion-accesibilidad\/","title":{"rendered":"Accessibility statement"},"content":{"rendered":"<div data-elementor-type=\"wp-page\" data-elementor-id=\"954\" class=\"elementor elementor-954\" data-elementor-post-type=\"page\">\n\t\t\t\t<div class=\"elementor-element elementor-element-0833e1d e-flex e-con-boxed e-con e-parent\" data-id=\"0833e1d\" data-element_type=\"container\">\n\t\t\t\t\t<div class=\"e-con-inner\">\n\t\t\t\t<div class=\"elementor-element elementor-element-fc69431 elementor-widget elementor-widget-heading\" data-id=\"fc69431\" data-element_type=\"widget\" data-widget_type=\"heading.default\">\n\t\t\t\t<div class=\"elementor-widget-container\">\n\t\t\t\t\t<h2 class=\"elementor-heading-title elementor-size-default\">Accessibility statement<\/h2>\t\t\t\t<\/div>\n\t\t\t\t<\/div>\n\t\t\t\t<div class=\"elementor-element elementor-element-55317d6 elementor-widget elementor-widget-text-editor\" data-id=\"55317d6\" data-element_type=\"widget\" data-widget_type=\"text-editor.default\">\n\t\t\t\t<div class=\"elementor-widget-container\">\n\t\t\t\t\t\t\t\t\t<p>Francisco Javier Espada Fernandez se ha comprometido a hacer accesible <a href=\"https:\/\/bonitosobjetos.com\/en\/\">https:\/\/bonitosobjetos.com\/<\/a>\u00a0de conformidad con el\u00a0<a href=\"https:\/\/www.boe.es\/buscar\/act.php?id=BOE-A-2018-12699\" target=\"_blank\" rel=\"noopener noreferrer nofollow\">Real Decreto 1112\/2018, de 7 de septiembre, sobre accesibilidad de los sitios web y aplicaciones para dispositivos m\u00f3viles del sector p\u00fablico<\/a>.<\/p><p>La presente declaraci\u00f3n de accesibilidad se aplica al sitio web <a href=\"https:\/\/bonitosobjetos.com\/en\/\">https:\/\/bonitosobjetos.com\/<\/a><\/p><p>Este sitio web es plenamente conforme con\u00a0<strong>RD 1112\/2018<\/strong>.<\/p><p><small>La presente declaraci\u00f3n fue preparada el 17 de junio de 2025.<\/small><\/p><p><small>El m\u00e9todo empleado para preparar la declaraci\u00f3n ha sido una autoevaluaci\u00f3n llevada a cabo por el propio organismo.<\/small><\/p>\t\t\t\t\t\t\t\t<\/div>\n\t\t\t\t<\/div>\n\t\t\t\t\t<\/div>\n\t\t\t\t<\/div>\n\t\t\t\t<\/div>","protected":false},"excerpt":{"rendered":"<p>Declaraci\u00f3n de accesibilidad Francisco Javier Espada Fernandez se ha comprometido a hacer accesible https:\/\/bonitosobjetos.com\/\u00a0de conformidad con el\u00a0Real Decreto 1112\/2018, de 7 de septiembre, sobre accesibilidad de los sitios web y aplicaciones para dispositivos m\u00f3viles del sector p\u00fablico. La presente declaraci\u00f3n de accesibilidad se aplica al sitio web https:\/\/bonitosobjetos.com\/ Este sitio web es plenamente conforme con\u00a0RD [&hellip;]<\/p>","protected":false},"author":2,"featured_media":0,"parent":0,"menu_order":0,"comment_status":"closed","ping_status":"closed","template":"","meta":{"_acf_changed":false,"footnotes":""},"class_list":["post-954","page","type-page","status-publish","hentry"],"acf":[],"yoast_head":"<!-- This site is optimized with the Yoast SEO plugin v26.0 - https:\/\/yoast.com\/wordpress\/plugins\/seo\/ -->\n<title>Declaraci\u00f3n de accesibilidad - bonitosobjetos.com<\/title>\n<meta name=\"robots\" content=\"index, follow, max-snippet:-1, max-image-preview:large, max-video-preview:-1\" \/>\n<link rel=\"canonical\" href=\"https:\/\/bonitosobjetos.com\/en\/declaracion-accesibilidad\/\" \/>\n<meta property=\"og:locale\" content=\"en_GB\" \/>\n<meta property=\"og:type\" content=\"article\" \/>\n<meta property=\"og:title\" content=\"Declaraci\u00f3n de accesibilidad - bonitosobjetos.com\" \/>\n<meta property=\"og:description\" content=\"Declaraci\u00f3n de accesibilidad Francisco Javier Espada Fernandez se ha comprometido a hacer accesible https:\/\/bonitosobjetos.com\/\u00a0de conformidad con el\u00a0Real Decreto 1112\/2018, de 7 de septiembre, sobre accesibilidad de los sitios web y aplicaciones para dispositivos m\u00f3viles del sector p\u00fablico. La presente declaraci\u00f3n de accesibilidad se aplica al sitio web https:\/\/bonitosobjetos.com\/ Este sitio web es plenamente conforme con\u00a0RD [&hellip;]\" \/>\n<meta property=\"og:url\" content=\"https:\/\/bonitosobjetos.com\/en\/declaracion-accesibilidad\/\" \/>\n<meta property=\"og:site_name\" content=\"bonitosobjetos.com\" \/>\n<meta property=\"article:modified_time\" content=\"2025-06-25T09:33:25+00:00\" \/>\n<meta property=\"og:image\" content=\"https:\/\/bonitosobjetos.com\/wp-content\/uploads\/2025\/05\/cropped-bo.logo_.png\" \/>\n\t<meta property=\"og:image:width\" content=\"512\" \/>\n\t<meta property=\"og:image:height\" content=\"512\" \/>\n\t<meta property=\"og:image:type\" content=\"image\/png\" \/>\n<meta name=\"twitter:card\" content=\"summary_large_image\" \/>\n<script type=\"application\/ld+json\" class=\"yoast-schema-graph\">{\"@context\":\"https:\/\/schema.org\",\"@graph\":[{\"@type\":\"WebPage\",\"@id\":\"https:\/\/bonitosobjetos.com\/declaracion-accesibilidad\/\",\"url\":\"https:\/\/bonitosobjetos.com\/declaracion-accesibilidad\/\",\"name\":\"Declaraci\u00f3n de accesibilidad - bonitosobjetos.com\",\"isPartOf\":{\"@id\":\"https:\/\/bonitosobjetos.com\/#website\"},\"datePublished\":\"2025-06-17T13:21:01+00:00\",\"dateModified\":\"2025-06-25T09:33:25+00:00\",\"breadcrumb\":{\"@id\":\"https:\/\/bonitosobjetos.com\/declaracion-accesibilidad\/#breadcrumb\"},\"inLanguage\":\"en-GB\",\"potentialAction\":[{\"@type\":\"ReadAction\",\"target\":[\"https:\/\/bonitosobjetos.com\/declaracion-accesibilidad\/\"]}]},{\"@type\":\"BreadcrumbList\",\"@id\":\"https:\/\/bonitosobjetos.com\/declaracion-accesibilidad\/#breadcrumb\",\"itemListElement\":[{\"@type\":\"ListItem\",\"position\":1,\"name\":\"Portada\",\"item\":\"https:\/\/bonitosobjetos.com\/\"},{\"@type\":\"ListItem\",\"position\":2,\"name\":\"Declaraci\u00f3n de accesibilidad\"}]},{\"@type\":\"WebSite\",\"@id\":\"https:\/\/bonitosobjetos.com\/#website\",\"url\":\"https:\/\/bonitosobjetos.com\/\",\"name\":\"bonitosobjetos.com\",\"description\":\"Bonitos Objetos\",\"publisher\":{\"@id\":\"https:\/\/bonitosobjetos.com\/#organization\"},\"alternateName\":\"BO\",\"potentialAction\":[{\"@type\":\"SearchAction\",\"target\":{\"@type\":\"EntryPoint\",\"urlTemplate\":\"https:\/\/bonitosobjetos.com\/?s={search_term_string}\"},\"query-input\":{\"@type\":\"PropertyValueSpecification\",\"valueRequired\":true,\"valueName\":\"search_term_string\"}}],\"inLanguage\":\"en-GB\"},{\"@type\":\"Organization\",\"@id\":\"https:\/\/bonitosobjetos.com\/#organization\",\"name\":\"BO Bonitos Objetos\",\"url\":\"https:\/\/bonitosobjetos.com\/\",\"logo\":{\"@type\":\"ImageObject\",\"inLanguage\":\"en-GB\",\"@id\":\"https:\/\/bonitosobjetos.com\/#\/schema\/logo\/image\/\",\"url\":\"https:\/\/bonitosobjetos.com\/wp-content\/uploads\/2025\/05\/cropped-bo.logo_.png\",\"contentUrl\":\"https:\/\/bonitosobjetos.com\/wp-content\/uploads\/2025\/05\/cropped-bo.logo_.png\",\"width\":512,\"height\":512,\"caption\":\"BO Bonitos Objetos\"},\"image\":{\"@id\":\"https:\/\/bonitosobjetos.com\/#\/schema\/logo\/image\/\"}}]}<\/script>\n<!-- \/ Yoast SEO plugin. -->","yoast_head_json":{"title":"Declaraci\u00f3n de accesibilidad - bonitosobjetos.com","robots":{"index":"index","follow":"follow","max-snippet":"max-snippet:-1","max-image-preview":"max-image-preview:large","max-video-preview":"max-video-preview:-1"},"canonical":"https:\/\/bonitosobjetos.com\/en\/declaracion-accesibilidad\/","og_locale":"en_GB","og_type":"article","og_title":"Declaraci\u00f3n de accesibilidad - bonitosobjetos.com","og_description":"Declaraci\u00f3n de accesibilidad Francisco Javier Espada Fernandez se ha comprometido a hacer accesible https:\/\/bonitosobjetos.com\/\u00a0de conformidad con el\u00a0Real Decreto 1112\/2018, de 7 de septiembre, sobre accesibilidad de los sitios web y aplicaciones para dispositivos m\u00f3viles del sector p\u00fablico. La presente declaraci\u00f3n de accesibilidad se aplica al sitio web https:\/\/bonitosobjetos.com\/ Este sitio web es plenamente conforme con\u00a0RD [&hellip;]","og_url":"https:\/\/bonitosobjetos.com\/en\/declaracion-accesibilidad\/","og_site_name":"bonitosobjetos.com","article_modified_time":"2025-06-25T09:33:25+00:00","og_image":[{"width":512,"height":512,"url":"https:\/\/bonitosobjetos.com\/wp-content\/uploads\/2025\/05\/cropped-bo.logo_.png","type":"image\/png"}],"twitter_card":"summary_large_image","schema":{"@context":"https:\/\/schema.org","@graph":[{"@type":"WebPage","@id":"https:\/\/bonitosobjetos.com\/declaracion-accesibilidad\/","url":"https:\/\/bonitosobjetos.com\/declaracion-accesibilidad\/","name":"Declaraci\u00f3n de accesibilidad - bonitosobjetos.com","isPartOf":{"@id":"https:\/\/bonitosobjetos.com\/#website"},"datePublished":"2025-06-17T13:21:01+00:00","dateModified":"2025-06-25T09:33:25+00:00","breadcrumb":{"@id":"https:\/\/bonitosobjetos.com\/declaracion-accesibilidad\/#breadcrumb"},"inLanguage":"en-GB","potentialAction":[{"@type":"ReadAction","target":["https:\/\/bonitosobjetos.com\/declaracion-accesibilidad\/"]}]},{"@type":"BreadcrumbList","@id":"https:\/\/bonitosobjetos.com\/declaracion-accesibilidad\/#breadcrumb","itemListElement":[{"@type":"ListItem","position":1,"name":"Portada","item":"https:\/\/bonitosobjetos.com\/"},{"@type":"ListItem","position":2,"name":"Declaraci\u00f3n de accesibilidad"}]},{"@type":"WebSite","@id":"https:\/\/bonitosobjetos.com\/#website","url":"https:\/\/bonitosobjetos.com\/","name":"bonitosobjetos.com","description":"Bonitos Objetos","publisher":{"@id":"https:\/\/bonitosobjetos.com\/#organization"},"alternateName":"BO","potentialAction":[{"@type":"SearchAction","target":{"@type":"EntryPoint","urlTemplate":"https:\/\/bonitosobjetos.com\/?s={search_term_string}"},"query-input":{"@type":"PropertyValueSpecification","valueRequired":true,"valueName":"search_term_string"}}],"inLanguage":"en-GB"},{"@type":"Organization","@id":"https:\/\/bonitosobjetos.com\/#organization","name":"BO Bonitos Objetos","url":"https:\/\/bonitosobjetos.com\/","logo":{"@type":"ImageObject","inLanguage":"en-GB","@id":"https:\/\/bonitosobjetos.com\/#\/schema\/logo\/image\/","url":"https:\/\/bonitosobjetos.com\/wp-content\/uploads\/2025\/05\/cropped-bo.logo_.png","contentUrl":"https:\/\/bonitosobjetos.com\/wp-content\/uploads\/2025\/05\/cropped-bo.logo_.png","width":512,"height":512,"caption":"BO Bonitos Objetos"},"image":{"@id":"https:\/\/bonitosobjetos.com\/#\/schema\/logo\/image\/"}}]}},"_links":{"self":[{"href":"https:\/\/bonitosobjetos.com\/en\/wp-json\/wp\/v2\/pages\/954","targetHints":{"allow":["GET"]}}],"collection":[{"href":"https:\/\/bonitosobjetos.com\/en\/wp-json\/wp\/v2\/pages"}],"about":[{"href":"https:\/\/bonitosobjetos.com\/en\/wp-json\/wp\/v2\/types\/page"}],"author":[{"embeddable":true,"href":"https:\/\/bonitosobjetos.com\/en\/wp-json\/wp\/v2\/users\/2"}],"replies":[{"embeddable":true,"href":"https:\/\/bonitosobjetos.com\/en\/wp-json\/wp\/v2\/comments?post=954"}],"version-history":[{"count":8,"href":"https:\/\/bonitosobjetos.com\/en\/wp-json\/wp\/v2\/pages\/954\/revisions"}],"predecessor-version":[{"id":1363,"href":"https:\/\/bonitosobjetos.com\/en\/wp-json\/wp\/v2\/pages\/954\/revisions\/1363"}],"wp:attachment":[{"href":"https:\/\/bonitosobjetos.com\/en\/wp-json\/wp\/v2\/media?parent=954"}],"curies":[{"name":"wp","href":"https:\/\/api.w.org\/{rel}","templated":true}]}}