{"id":232,"date":"2025-06-03T18:21:42","date_gmt":"2025-06-03T16:21:42","guid":{"rendered":"https:\/\/bonitosobjetos.com\/?page_id=232"},"modified":"2025-07-04T12:01:56","modified_gmt":"2025-07-04T10:01:56","slug":"about","status":"publish","type":"page","link":"https:\/\/bonitosobjetos.com\/en\/about\/","title":{"rendered":"About"},"content":{"rendered":"<div data-elementor-type=\"wp-page\" data-elementor-id=\"232\" class=\"elementor elementor-232\" data-elementor-post-type=\"page\">\n\t\t\t\t<div class=\"elementor-element elementor-element-bb3dd23 e-flex e-con-boxed e-con e-parent\" data-id=\"bb3dd23\" data-element_type=\"container\">\n\t\t\t\t\t<div class=\"e-con-inner\">\n\t\t<div class=\"elementor-element elementor-element-7409575 e-con-full e-flex e-con e-child\" data-id=\"7409575\" data-element_type=\"container\">\n\t\t\t\t<div class=\"elementor-element elementor-element-20f6014 elementor-widget elementor-widget-image\" data-id=\"20f6014\" data-element_type=\"widget\" data-widget_type=\"image.default\">\n\t\t\t\t<div class=\"elementor-widget-container\">\n\t\t\t\t\t\t\t\t\t\t\t\t\t\t\t<img fetchpriority=\"high\" decoding=\"async\" width=\"771\" height=\"1024\" src=\"https:\/\/bonitosobjetos.com\/wp-content\/uploads\/2025\/06\/Bolsa-niza-amarilla-extra1-1-771x1024.webp\" class=\"attachment-large size-large wp-image-610\" alt=\"\" srcset=\"https:\/\/bonitosobjetos.com\/wp-content\/uploads\/2025\/06\/Bolsa-niza-amarilla-extra1-1-771x1024.webp 771w, https:\/\/bonitosobjetos.com\/wp-content\/uploads\/2025\/06\/Bolsa-niza-amarilla-extra1-1-226x300.webp 226w, https:\/\/bonitosobjetos.com\/wp-content\/uploads\/2025\/06\/Bolsa-niza-amarilla-extra1-1-768x1020.webp 768w, https:\/\/bonitosobjetos.com\/wp-content\/uploads\/2025\/06\/Bolsa-niza-amarilla-extra1-1-1157x1536.webp 1157w, https:\/\/bonitosobjetos.com\/wp-content\/uploads\/2025\/06\/Bolsa-niza-amarilla-extra1-1-600x797.webp 600w, https:\/\/bonitosobjetos.com\/wp-content\/uploads\/2025\/06\/Bolsa-niza-amarilla-extra1-1-64x85.webp 64w, https:\/\/bonitosobjetos.com\/wp-content\/uploads\/2025\/06\/Bolsa-niza-amarilla-extra1-1.webp 1446w\" sizes=\"(max-width: 771px) 100vw, 771px\" \/>\t\t\t\t\t\t\t\t\t\t\t\t\t\t\t<\/div>\n\t\t\t\t<\/div>\n\t\t\t\t<\/div>\n\t\t<div class=\"elementor-element elementor-element-eafb004 e-con-full e-flex e-con e-child\" data-id=\"eafb004\" data-element_type=\"container\">\n\t\t\t\t<div class=\"elementor-element elementor-element-737f87e elementor-widget elementor-widget-text-editor\" data-id=\"737f87e\" data-element_type=\"widget\" data-widget_type=\"text-editor.default\">\n\t\t\t\t<div class=\"elementor-widget-container\">\n\t\t\t\t\t\t\t\t\t<p>Bonitos objetos is an artisanal bazaar of timeless and affordable products that I love, that I find, that I transform, or that I create. Objects that add sparkle and personality to every day, objects that make me happy. I&#039;ve been doing this for years, sharing it privately and occasionally. At first, it was connected to trips or stays in other countries, until I settled in Mallorca five years ago and decided to dedicate more time and space to it. Now I have a pop-up shop and I&#039;m opening this online store to be more in daily contact with all these beautiful objects and with those who see them and rejoice, but who may be far away.<\/p><p>If this is your case and\/or you have something to tell me, you can do it through Instagram or by writing an email to <a href=\"mailto:holabo@bonitosobjetos.com\">hello@bonitosobjetos.com<\/a><\/p>\t\t\t\t\t\t\t\t<\/div>\n\t\t\t\t<\/div>\n\t\t\t\t<\/div>\n\t\t\t\t\t<\/div>\n\t\t\t\t<\/div>\n\t\t\t\t<\/div>","protected":false},"excerpt":{"rendered":"<p>Bonitos objetos es un bazar artesanal de productos atemporales y asequibles que me gustan, que encuentro, que transformo o creo. Objetos que dan brillo y personalidad a todos mis d\u00edas, objetos que me hacen feliz. Llevo a\u00f1os haci\u00e9ndolo y comparti\u00e9ndolo en momentos puntuales y de forma privada. Al principio, conectado con viajes o estancias en [&hellip;]<\/p>","protected":false},"author":2,"featured_media":0,"parent":0,"menu_order":0,"comment_status":"closed","ping_status":"closed","template":"","meta":{"_acf_changed":false,"footnotes":""},"class_list":["post-232","page","type-page","status-publish","hentry"],"acf":[],"yoast_head":"<!-- This site is optimized with the Yoast SEO plugin v26.0 - https:\/\/yoast.com\/wordpress\/plugins\/seo\/ -->\n<title>About - bonitosobjetos.com<\/title>\n<meta name=\"description\" content=\"Bonitos objetos es un bazar artesanal de productos que me gustan, objetos que encuentro, transformo o creo.Objetos que me hacen feliz\" \/>\n<meta name=\"robots\" content=\"index, follow, max-snippet:-1, max-image-preview:large, max-video-preview:-1\" \/>\n<link rel=\"canonical\" href=\"https:\/\/bonitosobjetos.com\/en\/about\/\" \/>\n<meta property=\"og:locale\" content=\"en_GB\" \/>\n<meta property=\"og:type\" content=\"article\" \/>\n<meta property=\"og:title\" content=\"About - bonitosobjetos.com\" \/>\n<meta property=\"og:description\" content=\"Bonitos objetos es un bazar artesanal de productos que me gustan, objetos que encuentro, transformo o creo.Objetos que me hacen feliz\" \/>\n<meta property=\"og:url\" content=\"https:\/\/bonitosobjetos.com\/en\/about\/\" \/>\n<meta property=\"og:site_name\" content=\"bonitosobjetos.com\" \/>\n<meta property=\"article:modified_time\" content=\"2025-07-04T10:01:56+00:00\" \/>\n<meta property=\"og:image\" content=\"https:\/\/bonitosobjetos.com\/wp-content\/uploads\/2025\/06\/Bolsa-niza-amarilla-extra1-1.webp\" \/>\n\t<meta property=\"og:image:width\" content=\"1446\" \/>\n\t<meta property=\"og:image:height\" content=\"1920\" \/>\n\t<meta property=\"og:image:type\" content=\"image\/webp\" \/>\n<meta name=\"twitter:card\" content=\"summary_large_image\" \/>\n<meta name=\"twitter:label1\" content=\"Estimated reading time\" \/>\n\t<meta name=\"twitter:data1\" content=\"1 minute\" \/>\n<script type=\"application\/ld+json\" class=\"yoast-schema-graph\">{\"@context\":\"https:\/\/schema.org\",\"@graph\":[{\"@type\":\"WebPage\",\"@id\":\"https:\/\/bonitosobjetos.com\/about\/\",\"url\":\"https:\/\/bonitosobjetos.com\/about\/\",\"name\":\"About - bonitosobjetos.com\",\"isPartOf\":{\"@id\":\"https:\/\/bonitosobjetos.com\/#website\"},\"primaryImageOfPage\":{\"@id\":\"https:\/\/bonitosobjetos.com\/about\/#primaryimage\"},\"image\":{\"@id\":\"https:\/\/bonitosobjetos.com\/about\/#primaryimage\"},\"thumbnailUrl\":\"https:\/\/bonitosobjetos.com\/wp-content\/uploads\/2025\/06\/Bolsa-niza-amarilla-extra1-1-771x1024.webp\",\"datePublished\":\"2025-06-03T16:21:42+00:00\",\"dateModified\":\"2025-07-04T10:01:56+00:00\",\"description\":\"Bonitos objetos es un bazar artesanal de productos que me gustan, objetos que encuentro, transformo o creo.Objetos que me hacen feliz\",\"breadcrumb\":{\"@id\":\"https:\/\/bonitosobjetos.com\/about\/#breadcrumb\"},\"inLanguage\":\"en-GB\",\"potentialAction\":[{\"@type\":\"ReadAction\",\"target\":[\"https:\/\/bonitosobjetos.com\/about\/\"]}]},{\"@type\":\"ImageObject\",\"inLanguage\":\"en-GB\",\"@id\":\"https:\/\/bonitosobjetos.com\/about\/#primaryimage\",\"url\":\"https:\/\/bonitosobjetos.com\/wp-content\/uploads\/2025\/06\/Bolsa-niza-amarilla-extra1-1-771x1024.webp\",\"contentUrl\":\"https:\/\/bonitosobjetos.com\/wp-content\/uploads\/2025\/06\/Bolsa-niza-amarilla-extra1-1-771x1024.webp\"},{\"@type\":\"BreadcrumbList\",\"@id\":\"https:\/\/bonitosobjetos.com\/about\/#breadcrumb\",\"itemListElement\":[{\"@type\":\"ListItem\",\"position\":1,\"name\":\"Portada\",\"item\":\"https:\/\/bonitosobjetos.com\/\"},{\"@type\":\"ListItem\",\"position\":2,\"name\":\"About\"}]},{\"@type\":\"WebSite\",\"@id\":\"https:\/\/bonitosobjetos.com\/#website\",\"url\":\"https:\/\/bonitosobjetos.com\/\",\"name\":\"bonitosobjetos.com\",\"description\":\"Bonitos Objetos\",\"publisher\":{\"@id\":\"https:\/\/bonitosobjetos.com\/#organization\"},\"alternateName\":\"BO\",\"potentialAction\":[{\"@type\":\"SearchAction\",\"target\":{\"@type\":\"EntryPoint\",\"urlTemplate\":\"https:\/\/bonitosobjetos.com\/?s={search_term_string}\"},\"query-input\":{\"@type\":\"PropertyValueSpecification\",\"valueRequired\":true,\"valueName\":\"search_term_string\"}}],\"inLanguage\":\"en-GB\"},{\"@type\":\"Organization\",\"@id\":\"https:\/\/bonitosobjetos.com\/#organization\",\"name\":\"BO Bonitos Objetos\",\"url\":\"https:\/\/bonitosobjetos.com\/\",\"logo\":{\"@type\":\"ImageObject\",\"inLanguage\":\"en-GB\",\"@id\":\"https:\/\/bonitosobjetos.com\/#\/schema\/logo\/image\/\",\"url\":\"https:\/\/bonitosobjetos.com\/wp-content\/uploads\/2025\/05\/cropped-bo.logo_.png\",\"contentUrl\":\"https:\/\/bonitosobjetos.com\/wp-content\/uploads\/2025\/05\/cropped-bo.logo_.png\",\"width\":512,\"height\":512,\"caption\":\"BO Bonitos Objetos\"},\"image\":{\"@id\":\"https:\/\/bonitosobjetos.com\/#\/schema\/logo\/image\/\"}}]}<\/script>\n<!-- \/ Yoast SEO plugin. -->","yoast_head_json":{"title":"About - bonitosobjetos.com","description":"Bonitos objetos es un bazar artesanal de productos que me gustan, objetos que encuentro, transformo o creo.Objetos que me hacen feliz","robots":{"index":"index","follow":"follow","max-snippet":"max-snippet:-1","max-image-preview":"max-image-preview:large","max-video-preview":"max-video-preview:-1"},"canonical":"https:\/\/bonitosobjetos.com\/en\/about\/","og_locale":"en_GB","og_type":"article","og_title":"About - bonitosobjetos.com","og_description":"Bonitos objetos es un bazar artesanal de productos que me gustan, objetos que encuentro, transformo o creo.Objetos que me hacen feliz","og_url":"https:\/\/bonitosobjetos.com\/en\/about\/","og_site_name":"bonitosobjetos.com","article_modified_time":"2025-07-04T10:01:56+00:00","og_image":[{"width":1446,"height":1920,"url":"https:\/\/bonitosobjetos.com\/wp-content\/uploads\/2025\/06\/Bolsa-niza-amarilla-extra1-1.webp","type":"image\/webp"}],"twitter_card":"summary_large_image","twitter_misc":{"Estimated reading time":"1 minute"},"schema":{"@context":"https:\/\/schema.org","@graph":[{"@type":"WebPage","@id":"https:\/\/bonitosobjetos.com\/about\/","url":"https:\/\/bonitosobjetos.com\/about\/","name":"About - bonitosobjetos.com","isPartOf":{"@id":"https:\/\/bonitosobjetos.com\/#website"},"primaryImageOfPage":{"@id":"https:\/\/bonitosobjetos.com\/about\/#primaryimage"},"image":{"@id":"https:\/\/bonitosobjetos.com\/about\/#primaryimage"},"thumbnailUrl":"https:\/\/bonitosobjetos.com\/wp-content\/uploads\/2025\/06\/Bolsa-niza-amarilla-extra1-1-771x1024.webp","datePublished":"2025-06-03T16:21:42+00:00","dateModified":"2025-07-04T10:01:56+00:00","description":"Bonitos objetos es un bazar artesanal de productos que me gustan, objetos que encuentro, transformo o creo.Objetos que me hacen feliz","breadcrumb":{"@id":"https:\/\/bonitosobjetos.com\/about\/#breadcrumb"},"inLanguage":"en-GB","potentialAction":[{"@type":"ReadAction","target":["https:\/\/bonitosobjetos.com\/about\/"]}]},{"@type":"ImageObject","inLanguage":"en-GB","@id":"https:\/\/bonitosobjetos.com\/about\/#primaryimage","url":"https:\/\/bonitosobjetos.com\/wp-content\/uploads\/2025\/06\/Bolsa-niza-amarilla-extra1-1-771x1024.webp","contentUrl":"https:\/\/bonitosobjetos.com\/wp-content\/uploads\/2025\/06\/Bolsa-niza-amarilla-extra1-1-771x1024.webp"},{"@type":"BreadcrumbList","@id":"https:\/\/bonitosobjetos.com\/about\/#breadcrumb","itemListElement":[{"@type":"ListItem","position":1,"name":"Portada","item":"https:\/\/bonitosobjetos.com\/"},{"@type":"ListItem","position":2,"name":"About"}]},{"@type":"WebSite","@id":"https:\/\/bonitosobjetos.com\/#website","url":"https:\/\/bonitosobjetos.com\/","name":"bonitosobjetos.com","description":"Bonitos Objetos","publisher":{"@id":"https:\/\/bonitosobjetos.com\/#organization"},"alternateName":"BO","potentialAction":[{"@type":"SearchAction","target":{"@type":"EntryPoint","urlTemplate":"https:\/\/bonitosobjetos.com\/?s={search_term_string}"},"query-input":{"@type":"PropertyValueSpecification","valueRequired":true,"valueName":"search_term_string"}}],"inLanguage":"en-GB"},{"@type":"Organization","@id":"https:\/\/bonitosobjetos.com\/#organization","name":"BO Bonitos Objetos","url":"https:\/\/bonitosobjetos.com\/","logo":{"@type":"ImageObject","inLanguage":"en-GB","@id":"https:\/\/bonitosobjetos.com\/#\/schema\/logo\/image\/","url":"https:\/\/bonitosobjetos.com\/wp-content\/uploads\/2025\/05\/cropped-bo.logo_.png","contentUrl":"https:\/\/bonitosobjetos.com\/wp-content\/uploads\/2025\/05\/cropped-bo.logo_.png","width":512,"height":512,"caption":"BO Bonitos Objetos"},"image":{"@id":"https:\/\/bonitosobjetos.com\/#\/schema\/logo\/image\/"}}]}},"_links":{"self":[{"href":"https:\/\/bonitosobjetos.com\/en\/wp-json\/wp\/v2\/pages\/232","targetHints":{"allow":["GET"]}}],"collection":[{"href":"https:\/\/bonitosobjetos.com\/en\/wp-json\/wp\/v2\/pages"}],"about":[{"href":"https:\/\/bonitosobjetos.com\/en\/wp-json\/wp\/v2\/types\/page"}],"author":[{"embeddable":true,"href":"https:\/\/bonitosobjetos.com\/en\/wp-json\/wp\/v2\/users\/2"}],"replies":[{"embeddable":true,"href":"https:\/\/bonitosobjetos.com\/en\/wp-json\/wp\/v2\/comments?post=232"}],"version-history":[{"count":30,"href":"https:\/\/bonitosobjetos.com\/en\/wp-json\/wp\/v2\/pages\/232\/revisions"}],"predecessor-version":[{"id":1611,"href":"https:\/\/bonitosobjetos.com\/en\/wp-json\/wp\/v2\/pages\/232\/revisions\/1611"}],"wp:attachment":[{"href":"https:\/\/bonitosobjetos.com\/en\/wp-json\/wp\/v2\/media?parent=232"}],"curies":[{"name":"wp","href":"https:\/\/api.w.org\/{rel}","templated":true}]}}