{"id":13,"date":"2025-06-24T11:32:32","date_gmt":"2025-06-24T09:32:32","guid":{"rendered":"https:\/\/bonitosobjetos.com\/?page_id=13"},"modified":"2025-06-25T11:32:12","modified_gmt":"2025-06-25T09:32:12","slug":"reembolso_devoluciones","status":"publish","type":"page","link":"https:\/\/bonitosobjetos.com\/en\/reembolso_devoluciones\/","title":{"rendered":"Pol\u00edtica de devoluciones y reembolsos"},"content":{"rendered":"<div data-elementor-type=\"wp-page\" data-elementor-id=\"13\" class=\"elementor elementor-13\" data-elementor-post-type=\"page\">\n\t\t\t\t<div class=\"elementor-element elementor-element-18c434b1 e-flex e-con-boxed e-con e-parent\" data-id=\"18c434b1\" data-element_type=\"container\">\n\t\t\t\t\t<div class=\"e-con-inner\">\n\t\t\t\t<div class=\"elementor-element elementor-element-6c67dab elementor-widget elementor-widget-heading\" data-id=\"6c67dab\" data-element_type=\"widget\" data-widget_type=\"heading.default\">\n\t\t\t\t<div class=\"elementor-widget-container\">\n\t\t\t\t\t<h2 class=\"elementor-heading-title elementor-size-default\">Exchanges and returns<\/h2>\t\t\t\t<\/div>\n\t\t\t\t<\/div>\n\t\t\t\t<div class=\"elementor-element elementor-element-5b36c08d elementor-widget elementor-widget-text-editor\" data-id=\"5b36c08d\" data-element_type=\"widget\" data-widget_type=\"text-editor.default\">\n\t\t\t\t<div class=\"elementor-widget-container\">\n\t\t\t\t\t\t\t\t\t\n<div>\n<div>\n<p><strong>GASTOS DE DEVOLUCI\u00d3N POR PRODUCTOS DEFECTUOSOS<\/strong><\/p>\n<\/div>\n<div>\n<p>En Bo, queremos que estes feliz con los objetos que has adquirido para que te acompa\u00f1en. Si alguna de tus compras llega defectuosa, por favor, ponte en contacto con nosotras para proceder a la devoluci\u00f3n \u00edntegra de tu producto.<\/p>\n<\/div>\n<div>\n<p><strong>DEVOLUCIONES Y CAMBIOS<\/strong><\/p>\n<\/div>\n<div>\n<p>Si el objeto de Bo. no es lo que esperabas o no te satisface, ponte en contacto con nosotras.<\/p>\n<\/div>\n<div>\n<p>En este caso, en Bo. nos hacemos cargo de la devoluci\u00f3n \u00edntegra de tu compra, pero no de los gastos de env\u00edo de la devoluci\u00f3n.<\/p>\n<\/div>\n<div>\n<p>15 D\u00cdAS PARA DEVOLUCIONES<\/p>\n<\/div>\n<div>\n<p>Nuestra pol\u00edtica de devoluciones es de 15 d\u00edas, desde que recibes tus productos hasta el d\u00eda que decides enviarlos de vuelta.<\/p>\n<\/div>\n<div>\n<p><strong>CONDICIONES DE DEVOLUCI\u00d3N<\/strong><\/p>\n<\/div>\n<div>\n<p>Los productos deben estar sin usar, en las mismas condiciones en que fueron recibidos y con todas las etiquetas intactas. Se requiere un recibo u otra prueba de compra para proceder a la devoluci\u00f3n.<\/p>\n<\/div>\n<div>\n<p><strong>PROCEDIMIENTO DE DEVOLUCI\u00d3N Y CAMBIO<\/strong><\/p>\n<\/div>\n<div>\n<p>Env\u00eda un correo electr\u00f3nico con tu solicitud de devoluci\u00f3n, incluyendo tu n\u00famero de pedido y el motivo de la devoluci\u00f3n.<\/p>\n<\/div>\n<div>\n<p>Recibir\u00e1s un n\u00famero de autorizaci\u00f3n de devoluci\u00f3n y las instrucciones para el env\u00edo del producto.<\/p>\n<\/div>\n<div>\n<p>Env\u00eda el producto a la direcci\u00f3n proporcionada. En paralelo, se enviar\u00e1 el producto por el que deseas cambiarlo si fuese necesario.<\/p>\n<\/div>\n<div>\n<p><strong>REEMBOLSOS<\/strong><\/p>\n<\/div>\n<div>\n<p>Una vez que recibamos e inspeccionemos la devoluci\u00f3n, te enviaremos un correo electr\u00f3nico para notificarte que hemos recibido el art\u00edculo y te informaremos sobre la aprobaci\u00f3n o rechazo del reembolso.<\/p>\n<\/div>\n<div>\n<p>Si se aprueba, procederemos al reembolso y se aplicar\u00e1 autom\u00e1ticamente un cr\u00e9dito a la tarjeta de cr\u00e9dito o m\u00e9todo de pago original, dentro de un cierto n\u00famero de d\u00edas.<\/p>\n<\/div>\n<div>\n<p><strong>REEMBOLSOS TARD\u00cdOS O FALTANTES<\/strong><\/p>\n<\/div>\n<div>\n<p>Si un reembolso tarda en llegar, verifica con tu cuenta bancaria y ponte en contacto con tu entidad bancaria, ya que puede tomar alg\u00fan tiempo antes de que tu reembolso se publique oficialmente. Si has hecho todo esto y a\u00fan no has recibido tu reembolso, comun\u00edcate con nosotras.<\/p>\n<\/div>\n<div>\n<p><strong>ASISTENCIA<\/strong><\/p>\n<\/div>\n<div>\n<p>Para cualquier consulta adicional sobre devoluciones, cambios o reembolsos, puedes contactarnos a trav\u00e9s de holabo@bonitosobjetos.com<\/p>\n<\/div>\n<\/div>\n\t\t\t\t\t\t\t\t<\/div>\n\t\t\t\t<\/div>\n\t\t\t\t\t<\/div>\n\t\t\t\t<\/div>\n\t\t\t\t<\/div>","protected":false},"excerpt":{"rendered":"<p>Cambios y devoluciones GASTOS DE DEVOLUCI\u00d3N POR PRODUCTOS DEFECTUOSOS En Bo, queremos que estes feliz con los objetos que has adquirido para que te acompa\u00f1en. Si alguna de tus compras llega defectuosa, por favor, ponte en contacto con nosotras para proceder a la devoluci\u00f3n \u00edntegra de tu producto. DEVOLUCIONES Y CAMBIOS Si el objeto de [&hellip;]<\/p>","protected":false},"author":1,"featured_media":0,"parent":0,"menu_order":0,"comment_status":"closed","ping_status":"closed","template":"","meta":{"_acf_changed":false,"footnotes":""},"class_list":["post-13","page","type-page","status-publish","hentry"],"acf":[],"yoast_head":"<!-- This site is optimized with the Yoast SEO plugin v26.0 - https:\/\/yoast.com\/wordpress\/plugins\/seo\/ -->\n<title>Pol\u00edtica de devoluciones y reembolsos - bonitosobjetos.com<\/title>\n<meta name=\"robots\" content=\"index, follow, max-snippet:-1, max-image-preview:large, max-video-preview:-1\" \/>\n<link rel=\"canonical\" href=\"https:\/\/bonitosobjetos.com\/en\/reembolso_devoluciones\/\" \/>\n<meta property=\"og:locale\" content=\"en_GB\" \/>\n<meta property=\"og:type\" content=\"article\" \/>\n<meta property=\"og:title\" content=\"Pol\u00edtica de devoluciones y reembolsos - bonitosobjetos.com\" \/>\n<meta property=\"og:description\" content=\"Cambios y devoluciones GASTOS DE DEVOLUCI\u00d3N POR PRODUCTOS DEFECTUOSOS En Bo, queremos que estes feliz con los objetos que has adquirido para que te acompa\u00f1en. Si alguna de tus compras llega defectuosa, por favor, ponte en contacto con nosotras para proceder a la devoluci\u00f3n \u00edntegra de tu producto. DEVOLUCIONES Y CAMBIOS Si el objeto de [&hellip;]\" \/>\n<meta property=\"og:url\" content=\"https:\/\/bonitosobjetos.com\/en\/reembolso_devoluciones\/\" \/>\n<meta property=\"og:site_name\" content=\"bonitosobjetos.com\" \/>\n<meta property=\"article:modified_time\" content=\"2025-06-25T09:32:12+00:00\" \/>\n<meta property=\"og:image\" content=\"https:\/\/bonitosobjetos.com\/wp-content\/uploads\/2025\/05\/cropped-bo.logo_.png\" \/>\n\t<meta property=\"og:image:width\" content=\"512\" \/>\n\t<meta property=\"og:image:height\" content=\"512\" \/>\n\t<meta property=\"og:image:type\" content=\"image\/png\" \/>\n<meta name=\"twitter:card\" content=\"summary_large_image\" \/>\n<meta name=\"twitter:label1\" content=\"Estimated reading time\" \/>\n\t<meta name=\"twitter:data1\" content=\"2 minutes\" \/>\n<script type=\"application\/ld+json\" class=\"yoast-schema-graph\">{\"@context\":\"https:\/\/schema.org\",\"@graph\":[{\"@type\":\"WebPage\",\"@id\":\"https:\/\/bonitosobjetos.com\/reembolso_devoluciones\/\",\"url\":\"https:\/\/bonitosobjetos.com\/reembolso_devoluciones\/\",\"name\":\"Pol\u00edtica de devoluciones y reembolsos - bonitosobjetos.com\",\"isPartOf\":{\"@id\":\"https:\/\/bonitosobjetos.com\/#website\"},\"datePublished\":\"2025-06-24T09:32:32+00:00\",\"dateModified\":\"2025-06-25T09:32:12+00:00\",\"breadcrumb\":{\"@id\":\"https:\/\/bonitosobjetos.com\/reembolso_devoluciones\/#breadcrumb\"},\"inLanguage\":\"en-GB\",\"potentialAction\":[{\"@type\":\"ReadAction\",\"target\":[\"https:\/\/bonitosobjetos.com\/reembolso_devoluciones\/\"]}]},{\"@type\":\"BreadcrumbList\",\"@id\":\"https:\/\/bonitosobjetos.com\/reembolso_devoluciones\/#breadcrumb\",\"itemListElement\":[{\"@type\":\"ListItem\",\"position\":1,\"name\":\"Portada\",\"item\":\"https:\/\/bonitosobjetos.com\/\"},{\"@type\":\"ListItem\",\"position\":2,\"name\":\"Pol\u00edtica de devoluciones y reembolsos\"}]},{\"@type\":\"WebSite\",\"@id\":\"https:\/\/bonitosobjetos.com\/#website\",\"url\":\"https:\/\/bonitosobjetos.com\/\",\"name\":\"bonitosobjetos.com\",\"description\":\"Bonitos Objetos\",\"publisher\":{\"@id\":\"https:\/\/bonitosobjetos.com\/#organization\"},\"alternateName\":\"BO\",\"potentialAction\":[{\"@type\":\"SearchAction\",\"target\":{\"@type\":\"EntryPoint\",\"urlTemplate\":\"https:\/\/bonitosobjetos.com\/?s={search_term_string}\"},\"query-input\":{\"@type\":\"PropertyValueSpecification\",\"valueRequired\":true,\"valueName\":\"search_term_string\"}}],\"inLanguage\":\"en-GB\"},{\"@type\":\"Organization\",\"@id\":\"https:\/\/bonitosobjetos.com\/#organization\",\"name\":\"BO Bonitos Objetos\",\"url\":\"https:\/\/bonitosobjetos.com\/\",\"logo\":{\"@type\":\"ImageObject\",\"inLanguage\":\"en-GB\",\"@id\":\"https:\/\/bonitosobjetos.com\/#\/schema\/logo\/image\/\",\"url\":\"https:\/\/bonitosobjetos.com\/wp-content\/uploads\/2025\/05\/cropped-bo.logo_.png\",\"contentUrl\":\"https:\/\/bonitosobjetos.com\/wp-content\/uploads\/2025\/05\/cropped-bo.logo_.png\",\"width\":512,\"height\":512,\"caption\":\"BO Bonitos Objetos\"},\"image\":{\"@id\":\"https:\/\/bonitosobjetos.com\/#\/schema\/logo\/image\/\"}}]}<\/script>\n<!-- \/ Yoast SEO plugin. -->","yoast_head_json":{"title":"Pol\u00edtica de devoluciones y reembolsos - bonitosobjetos.com","robots":{"index":"index","follow":"follow","max-snippet":"max-snippet:-1","max-image-preview":"max-image-preview:large","max-video-preview":"max-video-preview:-1"},"canonical":"https:\/\/bonitosobjetos.com\/en\/reembolso_devoluciones\/","og_locale":"en_GB","og_type":"article","og_title":"Pol\u00edtica de devoluciones y reembolsos - bonitosobjetos.com","og_description":"Cambios y devoluciones GASTOS DE DEVOLUCI\u00d3N POR PRODUCTOS DEFECTUOSOS En Bo, queremos que estes feliz con los objetos que has adquirido para que te acompa\u00f1en. Si alguna de tus compras llega defectuosa, por favor, ponte en contacto con nosotras para proceder a la devoluci\u00f3n \u00edntegra de tu producto. DEVOLUCIONES Y CAMBIOS Si el objeto de [&hellip;]","og_url":"https:\/\/bonitosobjetos.com\/en\/reembolso_devoluciones\/","og_site_name":"bonitosobjetos.com","article_modified_time":"2025-06-25T09:32:12+00:00","og_image":[{"width":512,"height":512,"url":"https:\/\/bonitosobjetos.com\/wp-content\/uploads\/2025\/05\/cropped-bo.logo_.png","type":"image\/png"}],"twitter_card":"summary_large_image","twitter_misc":{"Estimated reading time":"2 minutes"},"schema":{"@context":"https:\/\/schema.org","@graph":[{"@type":"WebPage","@id":"https:\/\/bonitosobjetos.com\/reembolso_devoluciones\/","url":"https:\/\/bonitosobjetos.com\/reembolso_devoluciones\/","name":"Pol\u00edtica de devoluciones y reembolsos - bonitosobjetos.com","isPartOf":{"@id":"https:\/\/bonitosobjetos.com\/#website"},"datePublished":"2025-06-24T09:32:32+00:00","dateModified":"2025-06-25T09:32:12+00:00","breadcrumb":{"@id":"https:\/\/bonitosobjetos.com\/reembolso_devoluciones\/#breadcrumb"},"inLanguage":"en-GB","potentialAction":[{"@type":"ReadAction","target":["https:\/\/bonitosobjetos.com\/reembolso_devoluciones\/"]}]},{"@type":"BreadcrumbList","@id":"https:\/\/bonitosobjetos.com\/reembolso_devoluciones\/#breadcrumb","itemListElement":[{"@type":"ListItem","position":1,"name":"Portada","item":"https:\/\/bonitosobjetos.com\/"},{"@type":"ListItem","position":2,"name":"Pol\u00edtica de devoluciones y reembolsos"}]},{"@type":"WebSite","@id":"https:\/\/bonitosobjetos.com\/#website","url":"https:\/\/bonitosobjetos.com\/","name":"bonitosobjetos.com","description":"Bonitos Objetos","publisher":{"@id":"https:\/\/bonitosobjetos.com\/#organization"},"alternateName":"BO","potentialAction":[{"@type":"SearchAction","target":{"@type":"EntryPoint","urlTemplate":"https:\/\/bonitosobjetos.com\/?s={search_term_string}"},"query-input":{"@type":"PropertyValueSpecification","valueRequired":true,"valueName":"search_term_string"}}],"inLanguage":"en-GB"},{"@type":"Organization","@id":"https:\/\/bonitosobjetos.com\/#organization","name":"BO Bonitos Objetos","url":"https:\/\/bonitosobjetos.com\/","logo":{"@type":"ImageObject","inLanguage":"en-GB","@id":"https:\/\/bonitosobjetos.com\/#\/schema\/logo\/image\/","url":"https:\/\/bonitosobjetos.com\/wp-content\/uploads\/2025\/05\/cropped-bo.logo_.png","contentUrl":"https:\/\/bonitosobjetos.com\/wp-content\/uploads\/2025\/05\/cropped-bo.logo_.png","width":512,"height":512,"caption":"BO Bonitos Objetos"},"image":{"@id":"https:\/\/bonitosobjetos.com\/#\/schema\/logo\/image\/"}}]}},"_links":{"self":[{"href":"https:\/\/bonitosobjetos.com\/en\/wp-json\/wp\/v2\/pages\/13","targetHints":{"allow":["GET"]}}],"collection":[{"href":"https:\/\/bonitosobjetos.com\/en\/wp-json\/wp\/v2\/pages"}],"about":[{"href":"https:\/\/bonitosobjetos.com\/en\/wp-json\/wp\/v2\/types\/page"}],"author":[{"embeddable":true,"href":"https:\/\/bonitosobjetos.com\/en\/wp-json\/wp\/v2\/users\/1"}],"replies":[{"embeddable":true,"href":"https:\/\/bonitosobjetos.com\/en\/wp-json\/wp\/v2\/comments?post=13"}],"version-history":[{"count":9,"href":"https:\/\/bonitosobjetos.com\/en\/wp-json\/wp\/v2\/pages\/13\/revisions"}],"predecessor-version":[{"id":1360,"href":"https:\/\/bonitosobjetos.com\/en\/wp-json\/wp\/v2\/pages\/13\/revisions\/1360"}],"wp:attachment":[{"href":"https:\/\/bonitosobjetos.com\/en\/wp-json\/wp\/v2\/media?parent=13"}],"curies":[{"name":"wp","href":"https:\/\/api.w.org\/{rel}","templated":true}]}}