{"id":1065,"date":"2025-06-24T10:58:48","date_gmt":"2025-06-24T08:58:48","guid":{"rendered":"https:\/\/bonitosobjetos.com\/?page_id=1065"},"modified":"2025-06-25T11:29:04","modified_gmt":"2025-06-25T09:29:04","slug":"aviso-legal","status":"publish","type":"page","link":"https:\/\/bonitosobjetos.com\/en\/aviso-legal\/","title":{"rendered":"Legal notice"},"content":{"rendered":"<div data-elementor-type=\"wp-page\" data-elementor-id=\"1065\" class=\"elementor elementor-1065\" data-elementor-post-type=\"page\">\n\t\t\t\t<div class=\"elementor-element elementor-element-379b4598 e-flex e-con-boxed e-con e-parent\" data-id=\"379b4598\" data-element_type=\"container\">\n\t\t\t\t\t<div class=\"e-con-inner\">\n\t\t\t\t<div class=\"elementor-element elementor-element-e0846ee elementor-widget elementor-widget-heading\" data-id=\"e0846ee\" data-element_type=\"widget\" data-widget_type=\"heading.default\">\n\t\t\t\t<div class=\"elementor-widget-container\">\n\t\t\t\t\t<h2 class=\"elementor-heading-title elementor-size-default\">Legal notice<\/h2>\t\t\t\t<\/div>\n\t\t\t\t<\/div>\n\t\t\t\t<div class=\"elementor-element elementor-element-45a73953 elementor-widget elementor-widget-text-editor\" data-id=\"45a73953\" data-element_type=\"widget\" data-widget_type=\"text-editor.default\">\n\t\t\t\t<div class=\"elementor-widget-container\">\n\t\t\t\t\t\t\t\t\t<div><p><strong>I. GENERAL INFORMATION<\/strong><\/p><\/div><div><p>In compliance with the duty of information provided in Law 34\/2002 on Information Society Services and Electronic Commerce (LSSI-CE) of July 11, the following general information about this website is provided below:<\/p><\/div><div><p>The ownership of this website, www.bonitosobjetos.com, (hereinafter, Website) is held by: Fco Javier Espada, with NIF: 02883207L, and whose contact details are:<\/p><\/div><div><p>The ownership of this website, www.bonitosobjetos.com, (hereinafter, Website) is held by: , provided with NIF: and registered in: with the following registry data: , whose representative is: , and whose contact details are:<\/p><\/div><div><p>Address: ses pedreres, 3 07650 Santanyi<\/p><\/div><div><p>Contact phone number: 699962600<\/p><\/div><div><p>Contact email: espada@estudiomamifero.com<\/p><\/div><div><p><strong>II. GENERAL TERMS AND CONDITIONS OF USE<\/strong><\/p><\/div><div><p>The purpose of the conditions: The Website<\/p><\/div><div><p>The purpose of these General Conditions of Use (hereinafter, Conditions) is to regulate access to and use of the Website. For the purposes of these Conditions, the Website shall be understood as: the external appearance of the screen interfaces, both static and dynamic, i.e., the navigation tree; and all elements integrated into both the screen interfaces and the navigation tree (hereinafter, Contents) and all online services or resources that it may offer to Users (hereinafter, Services).<\/p><\/div><div><p>Bo. Bonitos objetos reserves the right to modify, at any time and without prior notice, the presentation and configuration of the Website and the Content and Services incorporated therein. The User acknowledges and accepts that Bo. Bonitos objetos may, at any time, interrupt, deactivate, and\/or cancel any of these elements that are integrated into the Website or access to them.<\/p><\/div><div><p>Access to the Website by the User is free and, as a general rule, free of charge. The User does not have to provide any compensation to enjoy it, except for the cost of connection through the telecommunications network provided by the access provider contracted by the User.<\/p><\/div><div><p>In addition to the cost of connection through the telecommunications network provided by the access provider, which the User has contracted, some of the Content or Services offered by Bo. Bonitos objetos or, where applicable, third parties through the Website may be subject to the prior contracting of the Content or Service, in which case the corresponding General or Specific Conditions governing this will be clearly specified and\/or made available to the User.<\/p><\/div><div><p>The use of any of the Content or Services of the Website may be done through prior subscription or registration by the User.<\/p><\/div><div><p>Use of the Contents does not require any prior subscription or registration.<\/p><\/div><div><p>The User<\/p><\/div><div><p>Access, browsing, and use of the Website, as well as the spaces enabled for interaction between Users, and the User and Bo. Bonitos objetos, such as comments and\/or blogging spaces, confers the status of User, and therefore, from the moment browsing the Website begins, all the Conditions established herein are accepted, as well as any subsequent modifications, without prejudice to the application of the corresponding mandatory legal regulations, as applicable. Given the relevance of the foregoing, the User is recommended to read them each time they visit the Website.<\/p><\/div><div><p>The Bo. Bonitos objetos website provides a wide variety of information, services, and data. Users are responsible for proper use of the website. This responsibility extends to:<\/p><\/div><ul><li><p>Any use of the information, Content, and\/or Services and data offered by Bo. Bonitos objetos that is not contrary to the provisions of these Terms, the Law, morality, or public order, or that in any other way may infringe the rights of third parties or the operation of the Website.<\/p><\/li><li><p>The veracity and legality of the information provided by the User in the forms provided by Bo. Bonitos objetos to access certain Content or Services offered by the Website. In any case, the User must immediately notify Bo. Bonitos objetos of any event that may lead to the improper use of the information entered in said forms, such as, but not limited to, theft, loss, or unauthorized access to identifiers and\/or passwords, in order to proceed with their immediate cancellation.<\/p><\/li><\/ul><div><p>Bo. Bonitos objetos reserves the right to remove any comments and contributions that violate the law, respect for human dignity, are discriminatory, xenophobic, racist, pornographic, spammy, threaten youth or children, public order or safety, or that, in its judgment, are unsuitable for publication.<\/p><\/div><div><p>In any case, Bo. Bonitos objetos will not be responsible for the opinions expressed by Users through comments or other blogging or participation tools that may be available.<\/p><\/div><div><p>Mere access to this Website does not establish any type of commercial relationship between Bo. Bonitos objetos and the User.<\/p><\/div><div><p>The User declares that they are of legal age and have sufficient legal capacity to be bound by these Terms and Conditions. Therefore, this Bo. Bonitos objetos Website is not directed at minors. Bo. Bonitos objetos declines any liability for failure to comply with this requirement.<\/p><\/div><div><p>Always in compliance with current legislation, this Bo. Bonitos objetos website is intended for all people, regardless of age, who can access and\/or browse the website&#039;s pages.<\/p><\/div><div><p>The Website is primarily intended for Users residing in Spain. Bo. Bonitos objetos does not guarantee that the Website complies with the laws of other countries, either in whole or in part. If the User resides or is domiciled elsewhere and decides to access and\/or browse the Website, they do so at their own risk and must ensure that such access and browsing complies with applicable local legislation. Bo. Bonitos objetos assumes no liability that may arise from such access.<\/p><\/div><div><p><strong>III. ACCESS AND NAVIGATION ON THE WEBSITE: EXCLUSION OF WARRANTIES AND LIABILITY<\/strong><\/p><\/div><div><p>Bo. Bonitos objetos does not guarantee the continuity, availability, or usefulness of the Website, nor of the Content or Services. Bo. Bonitos objetos will do everything possible to ensure the Website functions properly; however, it is not responsible for, nor does it guarantee, that access to this Website will be uninterrupted or error-free.<\/p><\/div><div><p>Nor is Bo. Bonitos objetos responsible or guaranteed that the content or software accessible through this Website is error-free or will cause damage to the User&#039;s computer system (software and hardware). Under no circumstances will Bo. Bonitos objetos be liable for any loss, damage, or harm of any kind arising from access to, browsing, and use of the Website, including, but not limited to, those caused to computer systems or those caused by the introduction of viruses.<\/p><\/div><div><p>Bo. Bonitos objetos is also not responsible for any damages that may be caused to users due to improper use of this Website. In particular, it is not responsible in any way for any outages, interruptions, failures, or telecommunications defects that may occur.<\/p><\/div><div><p><strong>IV. LINKS POLICY<\/strong><\/p><\/div><div><p>Users are hereby informed that the Bo. Bonitos objetos Website provides or may provide users with linking media (such as, but not limited to, links, banners, buttons), directories, and search engines that allow users to access websites belonging to and\/or managed by third parties.<\/p><\/div><div><p>The installation of these links, directories, and search engines on the Website is intended to facilitate Users&#039; search for and access to information available on the Internet, and cannot be considered a suggestion, recommendation, or invitation to visit them.<\/p><\/div><div><p>Bo. Bonitos objetos does not offer or market, either itself or through third parties, the products and\/or services available on these linked sites.<\/p><\/div><div><p>Bo. Bonitos objetos offers sponsored content, advertisements, and\/or affiliate links. The information appearing in these affiliate links or embedded advertisements is provided by the advertisers themselves. Therefore, Bo. Bonitos objetos is not responsible for any inaccuracies or errors that may be contained in the advertisements, nor does it in any way guarantee the experience, integrity, or responsibility of the advertisers or the quality of their products and\/or services.<\/p><\/div><div><p>Likewise, it does not guarantee the technical availability, accuracy, truthfulness, validity, or legality of sites not owned by it that may be accessed through the links.<\/p><\/div><div><p>Bo. Bonitos objetos does not, under any circumstances, review or control the content of other websites, nor does it approve, examine, or endorse the products and services, content, files, and any other material found on such linked sites.<\/p><\/div><div><p>Bo. Bonitos objetos assumes no responsibility for any damages that may arise from access, use, quality, or legality of the content, communications, opinions, products, and services of websites not managed by Bo. Bonitos objetos and that are linked to this Website.<\/p><\/div><div><p>Any User or third party creating a hyperlink from a web page on another website other than the Bo. Bonitos objetos Website should be aware that:<\/p><\/div><div><p>Reproduction\u2014in whole or in part\u2014of any of the Website&#039;s Content and\/or Services is prohibited without the express authorization of Bo. Bonitos objetos.<\/p><\/div><div><p>Any false, inaccurate, or incorrect statements about the Bo. Bonitos objetos Website, or its Content and\/or Services, are also prohibited.<\/p><\/div><div><p>With the exception of the hyperlink, the website on which the hyperlink is established shall not contain any element of this Website protected as intellectual property under Spanish law, unless expressly authorized by Bo. Bonitos objetos.<\/p><\/div><div><p>The establishment of a hyperlink does not imply the existence of any relationship between Bo. Bonitos objetos and the owner of the website from which it is created, nor does it imply Bo. Bonitos objetos&#039; knowledge and acceptance of the content, services, and\/or activities offered on said website, and vice versa.<\/p><\/div><div><p><strong>V. INTELLECTUAL AND INDUSTRIAL PROPERTY<\/strong><\/p><\/div><div><p>Bo. Bonitos objetos, either itself or as an assignee, is the owner of all intellectual and industrial property rights of the Website, as well as of the elements contained therein (including, but not limited to, images, sound, audio, video, software or text, trademarks or logos, color combinations, structure and design, selection of materials used, computer programs necessary for its operation, access and use, etc.). Consequently, these works are protected as intellectual property by Spanish law, and both Spanish and European regulations in this field, as well as international treaties related to the subject matter signed by Spain, are applicable to them.<\/p><\/div><div><p>All rights reserved. Pursuant to the provisions of the Intellectual Property Law, the reproduction, distribution, and public communication, including making available, of all or part of the contents of this website for commercial purposes, on any medium and by any technical means, are expressly prohibited without the authorization of Bo. Bonitos objetos.<\/p><\/div><div><p>The User agrees to respect the intellectual and industrial property rights of Bo. Bonitos objetos. They may view the elements of the Website or even print, copy, and store them on their computer&#039;s hard drive or any other physical medium, provided that this is done exclusively for their personal use. However, the User may not delete, alter, or manipulate any protective device or security system installed on the Website.<\/p><\/div><div><p>If the User or a third party believes that any of the Website Content constitutes a violation of intellectual property rights, they must immediately notify Bo. Bonitos objetos using the contact information in the GENERAL INFORMATION section of this Legal Notice and General Conditions of Use.<\/p><\/div><div><p><strong>VI. LEGAL ACTIONS, APPLICABLE LEGISLATION AND JURISDICTION<\/strong><\/p><\/div><div><p>Bo. Bonitos objetos reserves the right to pursue any civil or criminal action it deems necessary for improper use of the Website and its Content, or for non-compliance with these Terms and Conditions.<\/p><\/div><div><p>The relationship between the User and Bo. Bonitos objetos shall be governed by the current regulations applicable in Spain. Should any dispute arise regarding the interpretation and\/or application of these Terms and Conditions, the parties shall submit their disputes to ordinary jurisdiction, submitting to the appropriate courts and tribunals.<\/p><\/div>\t\t\t\t\t\t\t\t<\/div>\n\t\t\t\t<\/div>\n\t\t\t\t\t<\/div>\n\t\t\t\t<\/div>\n\t\t\t\t<\/div>","protected":false},"excerpt":{"rendered":"<p>Aviso legal I. INFORMACI\u00d3N GENERAL En cumplimiento con el deber de informaci\u00f3n dispuesto en la Ley 34\/2002 de Servicios de la Sociedad de la Informaci\u00f3n y el Comercio Electr\u00f3nico (LSSI-CE) de 11 de julio, se facilitan a continuaci\u00f3n los siguientes datos de informaci\u00f3n general de este sitio web: La titularidad de este sitio web, www.bonitosobjetos.com, [&hellip;]<\/p>","protected":false},"author":2,"featured_media":0,"parent":0,"menu_order":0,"comment_status":"closed","ping_status":"open","template":"","meta":{"_acf_changed":false,"footnotes":""},"class_list":["post-1065","page","type-page","status-publish","hentry"],"acf":[],"yoast_head":"<!-- This site is optimized with the Yoast SEO plugin v26.0 - https:\/\/yoast.com\/wordpress\/plugins\/seo\/ -->\n<title>Aviso legal - bonitosobjetos.com<\/title>\n<meta name=\"robots\" content=\"index, follow, max-snippet:-1, max-image-preview:large, max-video-preview:-1\" \/>\n<link rel=\"canonical\" href=\"https:\/\/bonitosobjetos.com\/en\/aviso-legal\/\" \/>\n<meta property=\"og:locale\" content=\"en_GB\" \/>\n<meta property=\"og:type\" content=\"article\" \/>\n<meta property=\"og:title\" content=\"Aviso legal - bonitosobjetos.com\" \/>\n<meta property=\"og:description\" content=\"Aviso legal I. INFORMACI\u00d3N GENERAL En cumplimiento con el deber de informaci\u00f3n dispuesto en la Ley 34\/2002 de Servicios de la Sociedad de la Informaci\u00f3n y el Comercio Electr\u00f3nico (LSSI-CE) de 11 de julio, se facilitan a continuaci\u00f3n los siguientes datos de informaci\u00f3n general de este sitio web: La titularidad de este sitio web, www.bonitosobjetos.com, [&hellip;]\" \/>\n<meta property=\"og:url\" content=\"https:\/\/bonitosobjetos.com\/en\/aviso-legal\/\" \/>\n<meta property=\"og:site_name\" content=\"bonitosobjetos.com\" \/>\n<meta property=\"article:modified_time\" content=\"2025-06-25T09:29:04+00:00\" \/>\n<meta property=\"og:image\" content=\"https:\/\/bonitosobjetos.com\/wp-content\/uploads\/2025\/05\/cropped-bo.logo_.png\" \/>\n\t<meta property=\"og:image:width\" content=\"512\" \/>\n\t<meta property=\"og:image:height\" content=\"512\" \/>\n\t<meta property=\"og:image:type\" content=\"image\/png\" \/>\n<meta name=\"twitter:card\" content=\"summary_large_image\" \/>\n<meta name=\"twitter:label1\" content=\"Estimated reading time\" \/>\n\t<meta name=\"twitter:data1\" content=\"11 minutes\" \/>\n<script type=\"application\/ld+json\" class=\"yoast-schema-graph\">{\"@context\":\"https:\/\/schema.org\",\"@graph\":[{\"@type\":\"WebPage\",\"@id\":\"https:\/\/bonitosobjetos.com\/aviso-legal\/\",\"url\":\"https:\/\/bonitosobjetos.com\/aviso-legal\/\",\"name\":\"Aviso legal - bonitosobjetos.com\",\"isPartOf\":{\"@id\":\"https:\/\/bonitosobjetos.com\/#website\"},\"datePublished\":\"2025-06-24T08:58:48+00:00\",\"dateModified\":\"2025-06-25T09:29:04+00:00\",\"breadcrumb\":{\"@id\":\"https:\/\/bonitosobjetos.com\/aviso-legal\/#breadcrumb\"},\"inLanguage\":\"en-GB\",\"potentialAction\":[{\"@type\":\"ReadAction\",\"target\":[\"https:\/\/bonitosobjetos.com\/aviso-legal\/\"]}]},{\"@type\":\"BreadcrumbList\",\"@id\":\"https:\/\/bonitosobjetos.com\/aviso-legal\/#breadcrumb\",\"itemListElement\":[{\"@type\":\"ListItem\",\"position\":1,\"name\":\"Portada\",\"item\":\"https:\/\/bonitosobjetos.com\/\"},{\"@type\":\"ListItem\",\"position\":2,\"name\":\"Aviso legal\"}]},{\"@type\":\"WebSite\",\"@id\":\"https:\/\/bonitosobjetos.com\/#website\",\"url\":\"https:\/\/bonitosobjetos.com\/\",\"name\":\"bonitosobjetos.com\",\"description\":\"Bonitos Objetos\",\"publisher\":{\"@id\":\"https:\/\/bonitosobjetos.com\/#organization\"},\"alternateName\":\"BO\",\"potentialAction\":[{\"@type\":\"SearchAction\",\"target\":{\"@type\":\"EntryPoint\",\"urlTemplate\":\"https:\/\/bonitosobjetos.com\/?s={search_term_string}\"},\"query-input\":{\"@type\":\"PropertyValueSpecification\",\"valueRequired\":true,\"valueName\":\"search_term_string\"}}],\"inLanguage\":\"en-GB\"},{\"@type\":\"Organization\",\"@id\":\"https:\/\/bonitosobjetos.com\/#organization\",\"name\":\"BO Bonitos Objetos\",\"url\":\"https:\/\/bonitosobjetos.com\/\",\"logo\":{\"@type\":\"ImageObject\",\"inLanguage\":\"en-GB\",\"@id\":\"https:\/\/bonitosobjetos.com\/#\/schema\/logo\/image\/\",\"url\":\"https:\/\/bonitosobjetos.com\/wp-content\/uploads\/2025\/05\/cropped-bo.logo_.png\",\"contentUrl\":\"https:\/\/bonitosobjetos.com\/wp-content\/uploads\/2025\/05\/cropped-bo.logo_.png\",\"width\":512,\"height\":512,\"caption\":\"BO Bonitos Objetos\"},\"image\":{\"@id\":\"https:\/\/bonitosobjetos.com\/#\/schema\/logo\/image\/\"}}]}<\/script>\n<!-- \/ Yoast SEO plugin. -->","yoast_head_json":{"title":"Aviso legal - bonitosobjetos.com","robots":{"index":"index","follow":"follow","max-snippet":"max-snippet:-1","max-image-preview":"max-image-preview:large","max-video-preview":"max-video-preview:-1"},"canonical":"https:\/\/bonitosobjetos.com\/en\/aviso-legal\/","og_locale":"en_GB","og_type":"article","og_title":"Aviso legal - bonitosobjetos.com","og_description":"Aviso legal I. INFORMACI\u00d3N GENERAL En cumplimiento con el deber de informaci\u00f3n dispuesto en la Ley 34\/2002 de Servicios de la Sociedad de la Informaci\u00f3n y el Comercio Electr\u00f3nico (LSSI-CE) de 11 de julio, se facilitan a continuaci\u00f3n los siguientes datos de informaci\u00f3n general de este sitio web: La titularidad de este sitio web, www.bonitosobjetos.com, [&hellip;]","og_url":"https:\/\/bonitosobjetos.com\/en\/aviso-legal\/","og_site_name":"bonitosobjetos.com","article_modified_time":"2025-06-25T09:29:04+00:00","og_image":[{"width":512,"height":512,"url":"https:\/\/bonitosobjetos.com\/wp-content\/uploads\/2025\/05\/cropped-bo.logo_.png","type":"image\/png"}],"twitter_card":"summary_large_image","twitter_misc":{"Estimated reading time":"11 minutes"},"schema":{"@context":"https:\/\/schema.org","@graph":[{"@type":"WebPage","@id":"https:\/\/bonitosobjetos.com\/aviso-legal\/","url":"https:\/\/bonitosobjetos.com\/aviso-legal\/","name":"Aviso legal - bonitosobjetos.com","isPartOf":{"@id":"https:\/\/bonitosobjetos.com\/#website"},"datePublished":"2025-06-24T08:58:48+00:00","dateModified":"2025-06-25T09:29:04+00:00","breadcrumb":{"@id":"https:\/\/bonitosobjetos.com\/aviso-legal\/#breadcrumb"},"inLanguage":"en-GB","potentialAction":[{"@type":"ReadAction","target":["https:\/\/bonitosobjetos.com\/aviso-legal\/"]}]},{"@type":"BreadcrumbList","@id":"https:\/\/bonitosobjetos.com\/aviso-legal\/#breadcrumb","itemListElement":[{"@type":"ListItem","position":1,"name":"Portada","item":"https:\/\/bonitosobjetos.com\/"},{"@type":"ListItem","position":2,"name":"Aviso legal"}]},{"@type":"WebSite","@id":"https:\/\/bonitosobjetos.com\/#website","url":"https:\/\/bonitosobjetos.com\/","name":"bonitosobjetos.com","description":"Bonitos Objetos","publisher":{"@id":"https:\/\/bonitosobjetos.com\/#organization"},"alternateName":"BO","potentialAction":[{"@type":"SearchAction","target":{"@type":"EntryPoint","urlTemplate":"https:\/\/bonitosobjetos.com\/?s={search_term_string}"},"query-input":{"@type":"PropertyValueSpecification","valueRequired":true,"valueName":"search_term_string"}}],"inLanguage":"en-GB"},{"@type":"Organization","@id":"https:\/\/bonitosobjetos.com\/#organization","name":"BO Bonitos Objetos","url":"https:\/\/bonitosobjetos.com\/","logo":{"@type":"ImageObject","inLanguage":"en-GB","@id":"https:\/\/bonitosobjetos.com\/#\/schema\/logo\/image\/","url":"https:\/\/bonitosobjetos.com\/wp-content\/uploads\/2025\/05\/cropped-bo.logo_.png","contentUrl":"https:\/\/bonitosobjetos.com\/wp-content\/uploads\/2025\/05\/cropped-bo.logo_.png","width":512,"height":512,"caption":"BO Bonitos Objetos"},"image":{"@id":"https:\/\/bonitosobjetos.com\/#\/schema\/logo\/image\/"}}]}},"_links":{"self":[{"href":"https:\/\/bonitosobjetos.com\/en\/wp-json\/wp\/v2\/pages\/1065","targetHints":{"allow":["GET"]}}],"collection":[{"href":"https:\/\/bonitosobjetos.com\/en\/wp-json\/wp\/v2\/pages"}],"about":[{"href":"https:\/\/bonitosobjetos.com\/en\/wp-json\/wp\/v2\/types\/page"}],"author":[{"embeddable":true,"href":"https:\/\/bonitosobjetos.com\/en\/wp-json\/wp\/v2\/users\/2"}],"replies":[{"embeddable":true,"href":"https:\/\/bonitosobjetos.com\/en\/wp-json\/wp\/v2\/comments?post=1065"}],"version-history":[{"count":6,"href":"https:\/\/bonitosobjetos.com\/en\/wp-json\/wp\/v2\/pages\/1065\/revisions"}],"predecessor-version":[{"id":1351,"href":"https:\/\/bonitosobjetos.com\/en\/wp-json\/wp\/v2\/pages\/1065\/revisions\/1351"}],"wp:attachment":[{"href":"https:\/\/bonitosobjetos.com\/en\/wp-json\/wp\/v2\/media?parent=1065"}],"curies":[{"name":"wp","href":"https:\/\/api.w.org\/{rel}","templated":true}]}}